{"id":8095,"date":"2025-08-24T11:05:33","date_gmt":"2025-08-24T11:05:33","guid":{"rendered":"https:\/\/aladdin-lampe.com\/production\/?post_type=product&#038;p=8095"},"modified":"2025-08-24T16:05:34","modified_gmt":"2025-08-24T16:05:34","slug":"applique-lavabo-led-%e9%98%b2%e6%b0%b4%e6%b5%b4%e5%ae%a4%e5%a3%81%e7%81%af","status":"publish","type":"product","link":"https:\/\/aladdin-lampe.com\/production\/product\/applique-lavabo-led-%e9%98%b2%e6%b0%b4%e6%b5%b4%e5%ae%a4%e5%a3%81%e7%81%af\/","title":{"rendered":"APPLIQUE LAVABO LED -\u9632\u6c34\u6d74\u5ba4\u58c1\u706f"},"content":{"rendered":"<hr \/>\n<h2>Applique Lavabo -20W : L&rsquo;\u00c9clairage Id\u00e9al pour Votre Salle de Bain<\/h2>\n<p>D\u00e9couvrez l&rsquo;<b>Applique Lavabo -20W<\/b>, une solution d&rsquo;\u00e9clairage con\u00e7ue sp\u00e9cifiquement pour les int\u00e9rieurs, id\u00e9ale pour illuminer votre salle de bain ou tout autre espace n\u00e9cessitant un \u00e9clairage cibl\u00e9. Bien que nomm\u00e9e \u00ab\u00a0Applique Lavabo\u00a0\u00bb, elle est con\u00e7ue pour une <b>installation au plafond en int\u00e9rieur<\/b>, offrant une int\u00e9gration discr\u00e8te et moderne.<\/p>\n<p>Fabriqu\u00e9e en <b>fonte d&rsquo;aluminium<\/b> et \u00e9quip\u00e9e de <b>vis et crochets de fermeture en acier inoxydable<\/b>, cette applique garantit une <b>robustesse et une durabilit\u00e9 exceptionnelles<\/b>, m\u00eame dans les environnements humides.<\/p>\n<p>Avec une <b>temp\u00e9rature de couleur de 4000K (blanc neutre)<\/b>, l&rsquo;Applique Lavabo -20W diffuse une lumi\u00e8re claire et fonctionnelle, parfaite pour les t\u00e2ches quotidiennes. Elle d\u00e9livre un <b>flux lumineux de 2000 lumens<\/b> et affiche une <b>efficacit\u00e9 lumineuse de 80 \u00e0 100 lumens par watt<\/b>, assurant un \u00e9clairage puissant et \u00e9co\u00e9nerg\u00e9tique. Son <b>indice de rendu des couleurs (IRC) sup\u00e9rieur \u00e0 80<\/b> garantit une bonne fid\u00e9lit\u00e9 des couleurs.<\/p>\n<p>T\u00e9l\u00e9charger la fiche technique : <a href=\"https:\/\/aladdin-lampe.com\/wp-content\/uploads\/2024\/05\/L47.pdf\">L47<\/a><\/p>\n","protected":false},"excerpt":{"rendered":"<p>Applique Lavabo -20W : L&rsquo;\u00c9clairage Id\u00e9al pour Votre Salle de Bain D\u00e9couvrez l&rsquo;Applique Lavabo -20W, une solution d&rsquo;\u00e9clairage con\u00e7ue sp\u00e9cifiquement pour les int\u00e9rieurs, id\u00e9ale pour illuminer votre salle de bain ou tout autre espace n\u00e9cessitant un \u00e9clairage cibl\u00e9. Bien que nomm\u00e9e \u00ab\u00a0Applique Lavabo\u00a0\u00bb, elle est con\u00e7ue pour [&hellip;]<\/p>\n","protected":false},"featured_media":8185,"comment_status":"open","ping_status":"closed","template":"","meta":{"_monsterinsights_skip_tracking":false,"_monsterinsights_sitenote_active":false,"_monsterinsights_sitenote_note":"","_monsterinsights_sitenote_category":0},"product_brand":[],"product_cat":[88,78],"product_tag":[],"class_list":{"0":"post-8095","1":"product","2":"type-product","3":"status-publish","4":"has-post-thumbnail","6":"product_cat-applique-murale-eclairage-interieur-","7":"product_cat-eclairage-interieur","9":"first","10":"instock","11":"shipping-taxable","12":"product-type-simple"},"aioseo_notices":[],"_links":{"self":[{"href":"https:\/\/aladdin-lampe.com\/production\/wp-json\/wp\/v2\/product\/8095","targetHints":{"allow":["GET"]}}],"collection":[{"href":"https:\/\/aladdin-lampe.com\/production\/wp-json\/wp\/v2\/product"}],"about":[{"href":"https:\/\/aladdin-lampe.com\/production\/wp-json\/wp\/v2\/types\/product"}],"replies":[{"embeddable":true,"href":"https:\/\/aladdin-lampe.com\/production\/wp-json\/wp\/v2\/comments?post=8095"}],"wp:featuredmedia":[{"embeddable":true,"href":"https:\/\/aladdin-lampe.com\/production\/wp-json\/wp\/v2\/media\/8185"}],"wp:attachment":[{"href":"https:\/\/aladdin-lampe.com\/production\/wp-json\/wp\/v2\/media?parent=8095"}],"wp:term":[{"taxonomy":"product_brand","embeddable":true,"href":"https:\/\/aladdin-lampe.com\/production\/wp-json\/wp\/v2\/product_brand?post=8095"},{"taxonomy":"product_cat","embeddable":true,"href":"https:\/\/aladdin-lampe.com\/production\/wp-json\/wp\/v2\/product_cat?post=8095"},{"taxonomy":"product_tag","embeddable":true,"href":"https:\/\/aladdin-lampe.com\/production\/wp-json\/wp\/v2\/product_tag?post=8095"}],"curies":[{"name":"wp","href":"https:\/\/api.w.org\/{rel}","templated":true}]}}