{"id":8107,"date":"2025-08-24T11:06:16","date_gmt":"2025-08-24T11:06:16","guid":{"rendered":"https:\/\/aladdin-lampe.com\/production\/?post_type=product&#038;p=8107"},"modified":"2025-08-24T16:05:37","modified_gmt":"2025-08-24T16:05:37","slug":"projecteur-suspendu-etanche-150w-%e9%a3%9e%e7%a2%9f%e6%8a%95%e5%85%89%e7%81%af","status":"publish","type":"product","link":"https:\/\/aladdin-lampe.com\/production\/product\/projecteur-suspendu-etanche-150w-%e9%a3%9e%e7%a2%9f%e6%8a%95%e5%85%89%e7%81%af\/","title":{"rendered":"PROJECTEUR SUSPENDU ETANCHE 150W &#8211; \u98de\u789f\u6295\u5149\u706f"},"content":{"rendered":"<hr \/>\n<h2>Projecteur LED 150W en Aluminium Moul\u00e9 sous Pression &#8211; \u00c9clairage Puissant et Durable<\/h2>\n<p>D\u00e9couvrez notre projecteur <b>LED 150W<\/b>, une solution d&rsquo;\u00e9clairage haute performance con\u00e7ue pour les environnements les plus exigeants. Alliant une robustesse exceptionnelle \u00e0 une efficacit\u00e9 lumineuse remarquable, ce projecteur est id\u00e9al pour les grands espaces n\u00e9cessitant un \u00e9clairage puissant et fiable.<\/p>\n<p>T\u00e9l\u00e9charger la fiche technique\u00a0 : <a href=\"https:\/\/aladdin-lampe.com\/wp-content\/uploads\/2024\/05\/alad-L46-150W.pdf\">alad &#8211; L46 150W<\/a><\/p>\n","protected":false},"excerpt":{"rendered":"<p>Projecteur LED 150W en Aluminium Moul\u00e9 sous Pression &#8211; \u00c9clairage Puissant et Durable D\u00e9couvrez notre projecteur LED 150W, une solution d&rsquo;\u00e9clairage haute performance con\u00e7ue pour les environnements les plus exigeants. Alliant une robustesse exceptionnelle \u00e0 une efficacit\u00e9 lumineuse remarquable, ce projecteur est id\u00e9al pour les grands espaces [&hellip;]<\/p>\n","protected":false},"featured_media":8188,"comment_status":"open","ping_status":"closed","template":"","meta":{"_monsterinsights_skip_tracking":false,"_monsterinsights_sitenote_active":false,"_monsterinsights_sitenote_note":"","_monsterinsights_sitenote_category":0},"product_brand":[],"product_cat":[79,80,81,82],"product_tag":[],"class_list":{"0":"post-8107","1":"product","2":"type-product","3":"status-publish","4":"has-post-thumbnail","6":"product_cat-apparent","7":"product_cat-eclairage-exterieur","8":"product_cat-encastre","9":"product_cat-projecteur","11":"first","12":"instock","13":"shipping-taxable","14":"product-type-simple"},"aioseo_notices":[],"_links":{"self":[{"href":"https:\/\/aladdin-lampe.com\/production\/wp-json\/wp\/v2\/product\/8107","targetHints":{"allow":["GET"]}}],"collection":[{"href":"https:\/\/aladdin-lampe.com\/production\/wp-json\/wp\/v2\/product"}],"about":[{"href":"https:\/\/aladdin-lampe.com\/production\/wp-json\/wp\/v2\/types\/product"}],"replies":[{"embeddable":true,"href":"https:\/\/aladdin-lampe.com\/production\/wp-json\/wp\/v2\/comments?post=8107"}],"wp:featuredmedia":[{"embeddable":true,"href":"https:\/\/aladdin-lampe.com\/production\/wp-json\/wp\/v2\/media\/8188"}],"wp:attachment":[{"href":"https:\/\/aladdin-lampe.com\/production\/wp-json\/wp\/v2\/media?parent=8107"}],"wp:term":[{"taxonomy":"product_brand","embeddable":true,"href":"https:\/\/aladdin-lampe.com\/production\/wp-json\/wp\/v2\/product_brand?post=8107"},{"taxonomy":"product_cat","embeddable":true,"href":"https:\/\/aladdin-lampe.com\/production\/wp-json\/wp\/v2\/product_cat?post=8107"},{"taxonomy":"product_tag","embeddable":true,"href":"https:\/\/aladdin-lampe.com\/production\/wp-json\/wp\/v2\/product_tag?post=8107"}],"curies":[{"name":"wp","href":"https:\/\/api.w.org\/{rel}","templated":true}]}}