{"id":8113,"date":"2025-08-24T11:06:41","date_gmt":"2025-08-24T11:06:41","guid":{"rendered":"https:\/\/aladdin-lampe.com\/production\/?post_type=product&#038;p=8113"},"modified":"2025-08-24T16:05:42","modified_gmt":"2025-08-24T16:05:42","slug":"applique-decoratif-10w-%e5%ae%a4%e5%a4%96%e6%b4%97%e5%a2%99%e7%81%af","status":"publish","type":"product","link":"https:\/\/aladdin-lampe.com\/production\/product\/applique-decoratif-10w-%e5%ae%a4%e5%a4%96%e6%b4%97%e5%a2%99%e7%81%af\/","title":{"rendered":"Applique d\u00e9coratif 10W -\u5ba4\u5916\u6d17\u5899\u706f"},"content":{"rendered":"<h3>Spot Solaire ALAD-310-10W : \u00c9clairage Ext\u00e9rieur Durable et Esth\u00e9tique<\/h3>\n<p>Le <b>spot solaire ALAD-310-10W<\/b> est un luminaire ext\u00e9rieur \u00e9l\u00e9gant et robuste, con\u00e7u en <b>aluminium moul\u00e9 sous pression<\/b> avec un <b>fini noir<\/b>. Bien qu&rsquo;il utilise l&rsquo;\u00e9nergie solaire, il offre une <b>puissance de 12W<\/b> et un excellent <b>indice de rendu des couleurs (&gt;85)<\/b>.<\/p>\n<p>Avec une <b>dur\u00e9e de vie de 50 000 heures<\/b>, une compatibilit\u00e9 large tension (85V-265V) et un <b>angle optique de 24\u00b0<\/b> pour un \u00e9clairage cibl\u00e9, c&rsquo;est une solution <b>performante, durable et esth\u00e9tique<\/b> pour vos ext\u00e9rieurs.<\/p>\n<p>T\u00e9l\u00e9charger la fiche technique : <a href=\"https:\/\/aladdin-lampe.com\/wp-content\/uploads\/2024\/05\/Alad-310-10W-Applique-decoratif.pdf\">Alad 310 &#8211; JHL-10W Applique decoratif<\/a><\/p>\n","protected":false},"excerpt":{"rendered":"<p>Spot Solaire ALAD-310-10W : \u00c9clairage Ext\u00e9rieur Durable et Esth\u00e9tique Le spot solaire ALAD-310-10W est un luminaire ext\u00e9rieur \u00e9l\u00e9gant et robuste, con\u00e7u en aluminium moul\u00e9 sous pression avec un fini noir. Bien qu&rsquo;il utilise l&rsquo;\u00e9nergie solaire, il offre une puissance de 12W et un excellent indice de rendu [&hellip;]<\/p>\n","protected":false},"featured_media":8197,"comment_status":"open","ping_status":"closed","template":"","meta":{"_monsterinsights_skip_tracking":false,"_monsterinsights_sitenote_active":false,"_monsterinsights_sitenote_note":"","_monsterinsights_sitenote_category":0},"product_brand":[],"product_cat":[15,79],"product_tag":[],"class_list":{"0":"post-8113","1":"product","2":"type-product","3":"status-publish","4":"has-post-thumbnail","6":"product_cat-uncategorized","7":"product_cat-apparent","9":"first","10":"instock","11":"shipping-taxable","12":"product-type-simple"},"aioseo_notices":[],"_links":{"self":[{"href":"https:\/\/aladdin-lampe.com\/production\/wp-json\/wp\/v2\/product\/8113","targetHints":{"allow":["GET"]}}],"collection":[{"href":"https:\/\/aladdin-lampe.com\/production\/wp-json\/wp\/v2\/product"}],"about":[{"href":"https:\/\/aladdin-lampe.com\/production\/wp-json\/wp\/v2\/types\/product"}],"replies":[{"embeddable":true,"href":"https:\/\/aladdin-lampe.com\/production\/wp-json\/wp\/v2\/comments?post=8113"}],"wp:featuredmedia":[{"embeddable":true,"href":"https:\/\/aladdin-lampe.com\/production\/wp-json\/wp\/v2\/media\/8197"}],"wp:attachment":[{"href":"https:\/\/aladdin-lampe.com\/production\/wp-json\/wp\/v2\/media?parent=8113"}],"wp:term":[{"taxonomy":"product_brand","embeddable":true,"href":"https:\/\/aladdin-lampe.com\/production\/wp-json\/wp\/v2\/product_brand?post=8113"},{"taxonomy":"product_cat","embeddable":true,"href":"https:\/\/aladdin-lampe.com\/production\/wp-json\/wp\/v2\/product_cat?post=8113"},{"taxonomy":"product_tag","embeddable":true,"href":"https:\/\/aladdin-lampe.com\/production\/wp-json\/wp\/v2\/product_tag?post=8113"}],"curies":[{"name":"wp","href":"https:\/\/api.w.org\/{rel}","templated":true}]}}