{"id":8134,"date":"2025-08-24T11:07:01","date_gmt":"2025-08-24T11:07:01","guid":{"rendered":"https:\/\/aladdin-lampe.com\/production\/?post_type=product&#038;p=8134"},"modified":"2025-08-24T16:05:53","modified_gmt":"2025-08-24T16:05:53","slug":"diviseur-double-neon-18w-%e4%b8%89%e9%98%b2%e6%97%a5%e5%85%89%e7%81%af","status":"publish","type":"product","link":"https:\/\/aladdin-lampe.com\/production\/product\/diviseur-double-neon-18w-%e4%b8%89%e9%98%b2%e6%97%a5%e5%85%89%e7%81%af\/","title":{"rendered":"DIVISEUR DOUBLE N\u00c9ON 18W &#8211; \u4e09\u9632\u65e5\u5149\u706f"},"content":{"rendered":"<div class=\"flex-shrink-0 flex flex-col relative items-end\">\n<div>\n<div class=\"pt-0\">\n<div class=\"gizmo-bot-avatar flex h-8 w-8 items-center justify-center overflow-hidden rounded-full\">\n<div class=\"relative p-1 rounded-sm flex items-center justify-center bg-token-main-surface-primary text-token-text-primary h-8 w-8\"><\/div>\n<\/div>\n<\/div>\n<\/div>\n<\/div>\n<div class=\"group\/conversation-turn relative flex w-full min-w-0 flex-col agent-turn\">\n<div class=\"flex-col gap-1 md:gap-3\">\n<div class=\"flex max-w-full flex-col flex-grow\">\n<div class=\"min-h-8 text-message flex w-full flex-col items-end gap-2 whitespace-normal break-words text-start [.text-message+&amp;]:mt-5\" dir=\"auto\" data-message-author-role=\"assistant\" data-message-id=\"0700cc58-9bba-43e5-a5ac-135b582f786f\" data-message-model-slug=\"gpt-4o\">\n<div class=\"flex w-full flex-col gap-1 empty:hidden first:pt-[3px]\">\n<div class=\"markdown prose w-full break-words dark:prose-invert dark\">\n<h3>\u00c9clairez vos Espaces avec le Diviseur Double N\u00e9on 18W 1800LM<\/h3>\n<p>Le <b>diviseur double n\u00e9on 18W 1800LM<\/b> est une solution d&rsquo;\u00e9clairage \u00e0 la fois <b>efficace et durable<\/b>. Il offre une <b>luminosit\u00e9 optimale de 1800 lumens<\/b>, garantissant une diffusion de lumi\u00e8re <b>uniforme et puissante<\/b> dans n&rsquo;importe quel espace.<\/p>\n<p>Avec une <b>dur\u00e9e de vie allant jusqu&rsquo;\u00e0 50 000 heures<\/b>, ce luminaire assure une performance long terme, r\u00e9duisant ainsi les besoins de remplacement et les co\u00fbts de maintenance. C&rsquo;est le choix id\u00e9al pour une vari\u00e9t\u00e9 d&rsquo;environnements, qu&rsquo;ils soient <b>professionnels ou r\u00e9sidentiels<\/b>.<\/p>\n<p>Ce mod\u00e8le est \u00e9galement <b>disponible en diff\u00e9rentes puissances<\/b>, vous permettant de l&rsquo;adapter pr\u00e9cis\u00e9ment \u00e0 vos besoins sp\u00e9cifiques en mati\u00e8re d&rsquo;\u00e9clairage.<\/p>\n<\/div>\n<\/div>\n<\/div>\n<\/div>\n<\/div>\n<\/div>\n<p>T\u00e9l\u00e9charger la fiche technique : <a href=\"https:\/\/aladdin-lampe.com\/wp-content\/uploads\/2024\/06\/ALAD-511C.pdf\">ALAD-VHL-511C<\/a><\/p>\n<p>&nbsp;<\/p>\n","protected":false},"excerpt":{"rendered":"<p>\u00c9clairez vos Espaces avec le Diviseur Double N\u00e9on 18W 1800LM Le diviseur double n\u00e9on 18W 1800LM est une solution d&rsquo;\u00e9clairage \u00e0 la fois efficace et durable. Il offre une luminosit\u00e9 optimale de 1800 lumens, garantissant une diffusion de lumi\u00e8re uniforme et puissante dans n&rsquo;importe quel espace. Avec [&hellip;]<\/p>\n","protected":false},"featured_media":8203,"comment_status":"open","ping_status":"closed","template":"","meta":{"_monsterinsights_skip_tracking":false,"_monsterinsights_sitenote_active":false,"_monsterinsights_sitenote_note":"","_monsterinsights_sitenote_category":0},"product_brand":[],"product_cat":[79,88,78,84],"product_tag":[],"class_list":{"0":"post-8134","1":"product","2":"type-product","3":"status-publish","4":"has-post-thumbnail","6":"product_cat-apparent","7":"product_cat-applique-murale-eclairage-interieur-","8":"product_cat-eclairage-interieur","9":"product_cat-plafonnier","11":"first","12":"instock","13":"shipping-taxable","14":"product-type-simple"},"aioseo_notices":[],"_links":{"self":[{"href":"https:\/\/aladdin-lampe.com\/production\/wp-json\/wp\/v2\/product\/8134","targetHints":{"allow":["GET"]}}],"collection":[{"href":"https:\/\/aladdin-lampe.com\/production\/wp-json\/wp\/v2\/product"}],"about":[{"href":"https:\/\/aladdin-lampe.com\/production\/wp-json\/wp\/v2\/types\/product"}],"replies":[{"embeddable":true,"href":"https:\/\/aladdin-lampe.com\/production\/wp-json\/wp\/v2\/comments?post=8134"}],"wp:featuredmedia":[{"embeddable":true,"href":"https:\/\/aladdin-lampe.com\/production\/wp-json\/wp\/v2\/media\/8203"}],"wp:attachment":[{"href":"https:\/\/aladdin-lampe.com\/production\/wp-json\/wp\/v2\/media?parent=8134"}],"wp:term":[{"taxonomy":"product_brand","embeddable":true,"href":"https:\/\/aladdin-lampe.com\/production\/wp-json\/wp\/v2\/product_brand?post=8134"},{"taxonomy":"product_cat","embeddable":true,"href":"https:\/\/aladdin-lampe.com\/production\/wp-json\/wp\/v2\/product_cat?post=8134"},{"taxonomy":"product_tag","embeddable":true,"href":"https:\/\/aladdin-lampe.com\/production\/wp-json\/wp\/v2\/product_tag?post=8134"}],"curies":[{"name":"wp","href":"https:\/\/api.w.org\/{rel}","templated":true}]}}