{"id":8135,"date":"2025-08-24T11:07:01","date_gmt":"2025-08-24T11:07:01","guid":{"rendered":"https:\/\/aladdin-lampe.com\/production\/?post_type=product&#038;p=8135"},"modified":"2025-08-24T16:05:53","modified_gmt":"2025-08-24T16:05:53","slug":"luminaire-48w-%e5%8a%9e%e5%85%ac%e7%81%af","status":"publish","type":"product","link":"https:\/\/aladdin-lampe.com\/production\/product\/luminaire-48w-%e5%8a%9e%e5%85%ac%e7%81%af\/","title":{"rendered":"Luminaire 48W &#8211; \u529e\u516c\u706f"},"content":{"rendered":"<div class=\"flex-shrink-0 flex flex-col relative items-end\">\n<div>\n<div class=\"pt-0\">\n<div class=\"gizmo-bot-avatar flex h-8 w-8 items-center justify-center overflow-hidden rounded-full\">\n<div class=\"relative p-1 rounded-sm flex items-center justify-center bg-token-main-surface-primary text-token-text-primary h-8 w-8\"><\/div>\n<\/div>\n<\/div>\n<\/div>\n<\/div>\n<div class=\"group\/conversation-turn relative flex w-full min-w-0 flex-col agent-turn\">\n<div class=\"flex-col gap-1 md:gap-3\">\n<div class=\"flex max-w-full flex-col flex-grow\">\n<div class=\"min-h-8 text-message flex w-full flex-col items-end gap-2 whitespace-normal break-words text-start [.text-message+&amp;]:mt-5\" dir=\"auto\" data-message-author-role=\"assistant\" data-message-id=\"cbdca115-7b9b-42bd-8930-e9f285b521c5\" data-message-model-slug=\"gpt-4o\">\n<div class=\"flex w-full flex-col gap-1 empty:hidden first:pt-[3px]\">\n<div class=\"markdown prose w-full break-words dark:prose-invert dark\">\n<h3>Luminaire LED 48W : \u00c9clairage Int\u00e9rieur Performant et Durable<\/h3>\n<p>Le <b>luminaire LED 48W<\/b> offre un \u00e9clairage int\u00e9rieur <b>efficace et homog\u00e8ne<\/b> avec 4800 lumens. Sa <b>dur\u00e9e de vie de 50 000 heures<\/b> assure des \u00e9conomies d&rsquo;\u00e9nergie et de maintenance.<\/p>\n<p>Id\u00e9al pour bureaux, commerces et r\u00e9sidences, il procure un <b>confort visuel optimal<\/b> (lumi\u00e8re stable, sans \u00e9blouissement). Son <b>design moderne et discret<\/b> s&rsquo;int\u00e8gre partout. Disponible en diverses puissances pour s&rsquo;adapter \u00e0 vos besoins.<\/p>\n<\/div>\n<\/div>\n<\/div>\n<\/div>\n<\/div>\n<\/div>\n<p>T\u00e9l\u00e9charger la fiche technique : <a href=\"https:\/\/aladdin-lampe.com\/wp-content\/uploads\/2024\/07\/LUMINAIRE-alad-L28-48W-1.pdf\">LUMINAIRE alad-JHL-L28 48W<\/a><\/p>\n","protected":false},"excerpt":{"rendered":"<p>Luminaire LED 48W : \u00c9clairage Int\u00e9rieur Performant et Durable Le luminaire LED 48W offre un \u00e9clairage int\u00e9rieur efficace et homog\u00e8ne avec 4800 lumens. Sa dur\u00e9e de vie de 50 000 heures assure des \u00e9conomies d&rsquo;\u00e9nergie et de maintenance. Id\u00e9al pour bureaux, commerces et r\u00e9sidences, il procure un [&hellip;]<\/p>\n","protected":false},"featured_media":8204,"comment_status":"open","ping_status":"closed","template":"","meta":{"_monsterinsights_skip_tracking":false,"_monsterinsights_sitenote_active":false,"_monsterinsights_sitenote_note":"","_monsterinsights_sitenote_category":0},"product_brand":[],"product_cat":[79,78,81,85,84],"product_tag":[],"class_list":{"0":"post-8135","1":"product","2":"type-product","3":"status-publish","4":"has-post-thumbnail","6":"product_cat-apparent","7":"product_cat-eclairage-interieur","8":"product_cat-encastre","9":"product_cat-hublot","10":"product_cat-plafonnier","12":"first","13":"instock","14":"shipping-taxable","15":"product-type-simple"},"aioseo_notices":[],"_links":{"self":[{"href":"https:\/\/aladdin-lampe.com\/production\/wp-json\/wp\/v2\/product\/8135","targetHints":{"allow":["GET"]}}],"collection":[{"href":"https:\/\/aladdin-lampe.com\/production\/wp-json\/wp\/v2\/product"}],"about":[{"href":"https:\/\/aladdin-lampe.com\/production\/wp-json\/wp\/v2\/types\/product"}],"replies":[{"embeddable":true,"href":"https:\/\/aladdin-lampe.com\/production\/wp-json\/wp\/v2\/comments?post=8135"}],"wp:featuredmedia":[{"embeddable":true,"href":"https:\/\/aladdin-lampe.com\/production\/wp-json\/wp\/v2\/media\/8204"}],"wp:attachment":[{"href":"https:\/\/aladdin-lampe.com\/production\/wp-json\/wp\/v2\/media?parent=8135"}],"wp:term":[{"taxonomy":"product_brand","embeddable":true,"href":"https:\/\/aladdin-lampe.com\/production\/wp-json\/wp\/v2\/product_brand?post=8135"},{"taxonomy":"product_cat","embeddable":true,"href":"https:\/\/aladdin-lampe.com\/production\/wp-json\/wp\/v2\/product_cat?post=8135"},{"taxonomy":"product_tag","embeddable":true,"href":"https:\/\/aladdin-lampe.com\/production\/wp-json\/wp\/v2\/product_tag?post=8135"}],"curies":[{"name":"wp","href":"https:\/\/api.w.org\/{rel}","templated":true}]}}