{"id":8160,"date":"2025-08-24T16:05:25","date_gmt":"2025-08-24T16:05:25","guid":{"rendered":"https:\/\/aladdin-lampe.com\/production\/?post_type=product&#038;p=8160"},"modified":"2025-08-24T16:05:27","modified_gmt":"2025-08-24T16:05:27","slug":"projecteur-50w-%e9%98%b2%e6%b0%b4%e6%8a%95%e5%85%89%e7%81%af","status":"publish","type":"product","link":"https:\/\/aladdin-lampe.com\/production\/product\/projecteur-50w-%e9%98%b2%e6%b0%b4%e6%8a%95%e5%85%89%e7%81%af\/","title":{"rendered":"Projecteur 50W \u9632\u6c34\u6295\u5149\u706f"},"content":{"rendered":"<h2>PROJECTEUR ALAD-504B-50W : Illuminez Vos Ext\u00e9rieurs avec Style et Polyvalence<\/h2>\n<p>D\u00e9couvrez le <b>Projecteur ALAD-504B-50W<\/b>, la solution d&rsquo;\u00e9clairage ext\u00e9rieur con\u00e7ue pour r\u00e9pondre \u00e0 tous vos besoins, qu&rsquo;il s&rsquo;agisse de s\u00e9curit\u00e9, d&rsquo;ambiance ou de mise en valeur architecturale. Ce projecteur polyvalent combine une performance lumineuse remarquable avec une gamme \u00e9tendue d&rsquo;options colorim\u00e9triques, vous permettant de cr\u00e9er l&rsquo;atmosph\u00e8re parfaite pour chaque occasion.<\/p>\n<p>t\u00e9l\u00e9charger la fiche technique : <a href=\"https:\/\/aladdin-lampe.com\/wp-content\/uploads\/2019\/11\/projecteur-slim-ALAD-504B-50w.pdf\">projecteur slim ALAD-JHL-504B 50w<\/a><\/p>\n<p style=\"padding-left: 40px;\">\n","protected":false},"excerpt":{"rendered":"<p><a href=\"https:\/\/aladdin-lampe.com\/wp-content\/uploads\/2022\/05\/projecteur-slim-50w.pdf\">https:\/\/aladdin-lampe.com\/wp-content\/uploads\/2022\/05\/projecteur-slim-50w.pdf<\/a><\/p>\n","protected":false},"featured_media":7930,"comment_status":"open","ping_status":"closed","template":"","meta":{"_monsterinsights_skip_tracking":false,"_monsterinsights_sitenote_active":false,"_monsterinsights_sitenote_note":"","_monsterinsights_sitenote_category":0},"product_brand":[],"product_cat":[79,80,81,82],"product_tag":[],"class_list":{"0":"post-8160","1":"product","2":"type-product","3":"status-publish","4":"has-post-thumbnail","6":"product_cat-apparent","7":"product_cat-eclairage-exterieur","8":"product_cat-encastre","9":"product_cat-projecteur","11":"first","12":"instock","13":"shipping-taxable","14":"product-type-simple"},"aioseo_notices":[],"_links":{"self":[{"href":"https:\/\/aladdin-lampe.com\/production\/wp-json\/wp\/v2\/product\/8160","targetHints":{"allow":["GET"]}}],"collection":[{"href":"https:\/\/aladdin-lampe.com\/production\/wp-json\/wp\/v2\/product"}],"about":[{"href":"https:\/\/aladdin-lampe.com\/production\/wp-json\/wp\/v2\/types\/product"}],"replies":[{"embeddable":true,"href":"https:\/\/aladdin-lampe.com\/production\/wp-json\/wp\/v2\/comments?post=8160"}],"wp:featuredmedia":[{"embeddable":true,"href":"https:\/\/aladdin-lampe.com\/production\/wp-json\/wp\/v2\/media\/7930"}],"wp:attachment":[{"href":"https:\/\/aladdin-lampe.com\/production\/wp-json\/wp\/v2\/media?parent=8160"}],"wp:term":[{"taxonomy":"product_brand","embeddable":true,"href":"https:\/\/aladdin-lampe.com\/production\/wp-json\/wp\/v2\/product_brand?post=8160"},{"taxonomy":"product_cat","embeddable":true,"href":"https:\/\/aladdin-lampe.com\/production\/wp-json\/wp\/v2\/product_cat?post=8160"},{"taxonomy":"product_tag","embeddable":true,"href":"https:\/\/aladdin-lampe.com\/production\/wp-json\/wp\/v2\/product_tag?post=8160"}],"curies":[{"name":"wp","href":"https:\/\/api.w.org\/{rel}","templated":true}]}}