{"id":8163,"date":"2025-08-24T16:05:25","date_gmt":"2025-08-24T16:05:25","guid":{"rendered":"https:\/\/aladdin-lampe.com\/production\/?post_type=product&#038;p=8163"},"modified":"2025-08-24T16:05:27","modified_gmt":"2025-08-24T16:05:27","slug":"projecteur-100w-%e9%98%b2%e6%b0%b4%e6%8a%95%e5%85%89%e7%81%af-2","status":"publish","type":"product","link":"https:\/\/aladdin-lampe.com\/production\/product\/projecteur-100w-%e9%98%b2%e6%b0%b4%e6%8a%95%e5%85%89%e7%81%af-2\/","title":{"rendered":"Projecteur 100w \u9632\u6c34\u6295\u5149\u706f"},"content":{"rendered":"<h2>ROJECTEUR\u00a0 : \u00c9clairez Vos Espaces Ext\u00e9rieurs avec Efficacit\u00e9<\/h2>\n<p>D\u00e9couvrez le projecteur , la solution d&rsquo;\u00e9clairage ext\u00e9rieur par excellence qui allie performance et robustesse. Con\u00e7u pour offrir un \u00e9clairage puissant et durable, il est parfait pour illuminer vos jardins, all\u00e9es, fa\u00e7ades ou tout autre espace ext\u00e9rieur n\u00e9cessitant une lumi\u00e8re fiable et de qualit\u00e9.<\/p>\n<p>T\u00e9l\u00e9charger la fiche technique : <a href=\"https:\/\/aladdin-lampe.com\/wp-content\/uploads\/2023\/02\/projecteur-504A-100w-1.pdf\">projecteur 504A-JHL.100w <\/a><\/p>\n<p style=\"padding-left: 40px;\">\n","protected":false},"excerpt":{"rendered":"<p>ROJECTEUR\u00a0 : \u00c9clairez Vos Espaces Ext\u00e9rieurs avec Efficacit\u00e9 D\u00e9couvrez le projecteur , la solution d&rsquo;\u00e9clairage ext\u00e9rieur par excellence qui allie performance et robustesse. Con\u00e7u pour offrir un \u00e9clairage puissant et durable, il est parfait pour illuminer vos jardins, all\u00e9es, fa\u00e7ades ou tout autre espace ext\u00e9rieur n\u00e9cessitant une [&hellip;]<\/p>\n","protected":false},"featured_media":7933,"comment_status":"open","ping_status":"closed","template":"","meta":{"_monsterinsights_skip_tracking":false,"_monsterinsights_sitenote_active":false,"_monsterinsights_sitenote_note":"","_monsterinsights_sitenote_category":0},"product_brand":[],"product_cat":[79,80,83,81],"product_tag":[],"class_list":{"0":"post-8163","1":"product","2":"type-product","3":"status-publish","4":"has-post-thumbnail","6":"product_cat-apparent","7":"product_cat-eclairage-exterieur","8":"product_cat-eclairage-industriel","9":"product_cat-encastre","11":"first","12":"instock","13":"shipping-taxable","14":"product-type-simple"},"aioseo_notices":[],"_links":{"self":[{"href":"https:\/\/aladdin-lampe.com\/production\/wp-json\/wp\/v2\/product\/8163","targetHints":{"allow":["GET"]}}],"collection":[{"href":"https:\/\/aladdin-lampe.com\/production\/wp-json\/wp\/v2\/product"}],"about":[{"href":"https:\/\/aladdin-lampe.com\/production\/wp-json\/wp\/v2\/types\/product"}],"replies":[{"embeddable":true,"href":"https:\/\/aladdin-lampe.com\/production\/wp-json\/wp\/v2\/comments?post=8163"}],"wp:featuredmedia":[{"embeddable":true,"href":"https:\/\/aladdin-lampe.com\/production\/wp-json\/wp\/v2\/media\/7933"}],"wp:attachment":[{"href":"https:\/\/aladdin-lampe.com\/production\/wp-json\/wp\/v2\/media?parent=8163"}],"wp:term":[{"taxonomy":"product_brand","embeddable":true,"href":"https:\/\/aladdin-lampe.com\/production\/wp-json\/wp\/v2\/product_brand?post=8163"},{"taxonomy":"product_cat","embeddable":true,"href":"https:\/\/aladdin-lampe.com\/production\/wp-json\/wp\/v2\/product_cat?post=8163"},{"taxonomy":"product_tag","embeddable":true,"href":"https:\/\/aladdin-lampe.com\/production\/wp-json\/wp\/v2\/product_tag?post=8163"}],"curies":[{"name":"wp","href":"https:\/\/api.w.org\/{rel}","templated":true}]}}