{"id":8164,"date":"2025-08-24T16:05:25","date_gmt":"2025-08-24T16:05:25","guid":{"rendered":"https:\/\/aladdin-lampe.com\/production\/?post_type=product&#038;p=8164"},"modified":"2025-08-24T16:05:27","modified_gmt":"2025-08-24T16:05:27","slug":"projecteur-150w-%e9%98%b2%e6%b0%b4%e6%8a%95%e5%85%89%e7%81%af","status":"publish","type":"product","link":"https:\/\/aladdin-lampe.com\/production\/product\/projecteur-150w-%e9%98%b2%e6%b0%b4%e6%8a%95%e5%85%89%e7%81%af\/","title":{"rendered":"Projecteur 150w \u9632\u6c34\u6295\u5149\u706f"},"content":{"rendered":"<h2>PROJECTEUR A : L&rsquo;\u00c9clairage Ext\u00e9rieur Puissant et Durable<\/h2>\n<p>D\u00e9couvrez le projecteur ALAD-504A-150W, la solution id\u00e9ale pour un \u00e9clairage ext\u00e9rieur performant et fiable. Con\u00e7u pour r\u00e9sister aux environnements les plus exigeants, ce projecteur allie puissance, efficacit\u00e9 et durabilit\u00e9, garantissant une visibilit\u00e9 optimale pour vos espaces ext\u00e9rieurs.<\/p>\n<p>t\u00e9l\u00e9charger la fiche technique : <a href=\"https:\/\/aladdin-lampe.com\/wp-content\/uploads\/2023\/02\/projecteur-504A-150w-1.pdf\">projecteur 504A-JHL-150w<\/a><\/p>\n<p style=\"padding-left: 40px;\">\n","protected":false},"excerpt":{"rendered":"<p>PROJECTEUR A : L&rsquo;\u00c9clairage Ext\u00e9rieur Puissant et Durable D\u00e9couvrez le projecteur ALAD-504A-150W, la solution id\u00e9ale pour un \u00e9clairage ext\u00e9rieur performant et fiable. Con\u00e7u pour r\u00e9sister aux environnements les plus exigeants, ce projecteur allie puissance, efficacit\u00e9 et durabilit\u00e9, garantissant une visibilit\u00e9 optimale pour vos espaces ext\u00e9rieurs. t\u00e9l\u00e9charger la [&hellip;]<\/p>\n","protected":false},"featured_media":7947,"comment_status":"open","ping_status":"closed","template":"","meta":{"_monsterinsights_skip_tracking":false,"_monsterinsights_sitenote_active":false,"_monsterinsights_sitenote_note":"","_monsterinsights_sitenote_category":0},"product_brand":[],"product_cat":[79,80,83,81],"product_tag":[],"class_list":{"0":"post-8164","1":"product","2":"type-product","3":"status-publish","4":"has-post-thumbnail","6":"product_cat-apparent","7":"product_cat-eclairage-exterieur","8":"product_cat-eclairage-industriel","9":"product_cat-encastre","11":"first","12":"instock","13":"shipping-taxable","14":"product-type-simple"},"aioseo_notices":[],"_links":{"self":[{"href":"https:\/\/aladdin-lampe.com\/production\/wp-json\/wp\/v2\/product\/8164","targetHints":{"allow":["GET"]}}],"collection":[{"href":"https:\/\/aladdin-lampe.com\/production\/wp-json\/wp\/v2\/product"}],"about":[{"href":"https:\/\/aladdin-lampe.com\/production\/wp-json\/wp\/v2\/types\/product"}],"replies":[{"embeddable":true,"href":"https:\/\/aladdin-lampe.com\/production\/wp-json\/wp\/v2\/comments?post=8164"}],"wp:featuredmedia":[{"embeddable":true,"href":"https:\/\/aladdin-lampe.com\/production\/wp-json\/wp\/v2\/media\/7947"}],"wp:attachment":[{"href":"https:\/\/aladdin-lampe.com\/production\/wp-json\/wp\/v2\/media?parent=8164"}],"wp:term":[{"taxonomy":"product_brand","embeddable":true,"href":"https:\/\/aladdin-lampe.com\/production\/wp-json\/wp\/v2\/product_brand?post=8164"},{"taxonomy":"product_cat","embeddable":true,"href":"https:\/\/aladdin-lampe.com\/production\/wp-json\/wp\/v2\/product_cat?post=8164"},{"taxonomy":"product_tag","embeddable":true,"href":"https:\/\/aladdin-lampe.com\/production\/wp-json\/wp\/v2\/product_tag?post=8164"}],"curies":[{"name":"wp","href":"https:\/\/api.w.org\/{rel}","templated":true}]}}