{"id":8165,"date":"2025-08-24T16:05:25","date_gmt":"2025-08-24T16:05:25","guid":{"rendered":"https:\/\/aladdin-lampe.com\/production\/?post_type=product&#038;p=8165"},"modified":"2025-08-24T16:05:27","modified_gmt":"2025-08-24T16:05:27","slug":"projecteur-200w-%e9%98%b2%e6%b0%b4%e6%8a%95%e5%85%89%e7%81%af","status":"publish","type":"product","link":"https:\/\/aladdin-lampe.com\/production\/product\/projecteur-200w-%e9%98%b2%e6%b0%b4%e6%8a%95%e5%85%89%e7%81%af\/","title":{"rendered":"Projecteur 200w \u9632\u6c34\u6295\u5149\u706f"},"content":{"rendered":"<h2>\u00e9couvrez le Projecteur LED ALAD-504A \u2013 \u00c9clairage Ext\u00e9rieur Robuste et Efficace<\/h2>\n<p>Illuminez vos espaces ext\u00e9rieurs avec efficacit\u00e9 gr\u00e2ce au projecteur LED de r\u00e9f\u00e9rence <b>ALAD-504A<\/b> d&rsquo;RTICLE. Con\u00e7u pour r\u00e9pondre aux besoins d&rsquo;\u00e9clairage les plus exigeants, ce projecteur de <b>200W<\/b> est une solution fiable et ultra-performante, garantissant \u00e0 la fois s\u00e9curit\u00e9 et visibilit\u00e9 optimale.<\/p>\n<p>T\u00e9l\u00e9charger la fiche technique : <a href=\"https:\/\/aladdin-lampe.com\/wp-content\/uploads\/2023\/02\/projecteur-ALAD-504A-200w.pdf\">projecteur ALAD-504A-200w-JHL<\/a><\/p>\n<p>&nbsp;<\/p>\n","protected":false},"excerpt":{"rendered":"<p>\u00e9couvrez le Projecteur LED ALAD-504A \u2013 \u00c9clairage Ext\u00e9rieur Robuste et Efficace Illuminez vos espaces ext\u00e9rieurs avec efficacit\u00e9 gr\u00e2ce au projecteur LED de r\u00e9f\u00e9rence ALAD-504A d&rsquo;RTICLE. Con\u00e7u pour r\u00e9pondre aux besoins d&rsquo;\u00e9clairage les plus exigeants, ce projecteur de 200W est une solution fiable et ultra-performante, garantissant \u00e0 la [&hellip;]<\/p>\n","protected":false},"featured_media":7949,"comment_status":"open","ping_status":"closed","template":"","meta":{"_monsterinsights_skip_tracking":false,"_monsterinsights_sitenote_active":false,"_monsterinsights_sitenote_note":"","_monsterinsights_sitenote_category":0},"product_brand":[],"product_cat":[79,80,83,81],"product_tag":[],"class_list":{"0":"post-8165","1":"product","2":"type-product","3":"status-publish","4":"has-post-thumbnail","6":"product_cat-apparent","7":"product_cat-eclairage-exterieur","8":"product_cat-eclairage-industriel","9":"product_cat-encastre","11":"first","12":"instock","13":"shipping-taxable","14":"product-type-simple"},"aioseo_notices":[],"_links":{"self":[{"href":"https:\/\/aladdin-lampe.com\/production\/wp-json\/wp\/v2\/product\/8165","targetHints":{"allow":["GET"]}}],"collection":[{"href":"https:\/\/aladdin-lampe.com\/production\/wp-json\/wp\/v2\/product"}],"about":[{"href":"https:\/\/aladdin-lampe.com\/production\/wp-json\/wp\/v2\/types\/product"}],"replies":[{"embeddable":true,"href":"https:\/\/aladdin-lampe.com\/production\/wp-json\/wp\/v2\/comments?post=8165"}],"wp:featuredmedia":[{"embeddable":true,"href":"https:\/\/aladdin-lampe.com\/production\/wp-json\/wp\/v2\/media\/7949"}],"wp:attachment":[{"href":"https:\/\/aladdin-lampe.com\/production\/wp-json\/wp\/v2\/media?parent=8165"}],"wp:term":[{"taxonomy":"product_brand","embeddable":true,"href":"https:\/\/aladdin-lampe.com\/production\/wp-json\/wp\/v2\/product_brand?post=8165"},{"taxonomy":"product_cat","embeddable":true,"href":"https:\/\/aladdin-lampe.com\/production\/wp-json\/wp\/v2\/product_cat?post=8165"},{"taxonomy":"product_tag","embeddable":true,"href":"https:\/\/aladdin-lampe.com\/production\/wp-json\/wp\/v2\/product_tag?post=8165"}],"curies":[{"name":"wp","href":"https:\/\/api.w.org\/{rel}","templated":true}]}}