{"id":8189,"date":"2025-08-24T16:05:38","date_gmt":"2025-08-24T16:05:38","guid":{"rendered":"https:\/\/aladdin-lampe.com\/production\/?post_type=product&#038;p=8189"},"modified":"2025-08-24T16:05:57","modified_gmt":"2025-08-24T16:05:57","slug":"lampe-de-jardin-energie-solaire-carre-%e5%a4%aa%e9%98%b3%e8%83%bd%e6%9f%b1%e5%a4%b4%e7%81%af","status":"publish","type":"product","link":"https:\/\/aladdin-lampe.com\/production\/product\/lampe-de-jardin-energie-solaire-carre-%e5%a4%aa%e9%98%b3%e8%83%bd%e6%9f%b1%e5%a4%b4%e7%81%af\/","title":{"rendered":"LAMPE DE JARDIN ENERGIE SOLAIRE CARRE &#8211; \u592a\u9633\u80fd\u67f1\u5934\u706f"},"content":{"rendered":"<div class=\"flex max-w-full flex-col flex-grow\">\n<div class=\"min-h-8 text-message flex w-full flex-col items-end gap-2 whitespace-normal break-words [.text-message+&amp;]:mt-5\" dir=\"auto\" data-message-author-role=\"assistant\" data-message-id=\"da6a3e0f-9d84-48d9-bea2-93e6ea4507ad\" data-message-model-slug=\"gpt-4o-mini\">\n<div class=\"flex w-full flex-col gap-1 empty:hidden first:pt-[3px]\">\n<div class=\"markdown prose w-full break-words dark:prose-invert dark\">\n<h3>Lampe Solaire Carr\u00e9e 5W : \u00c9clairage Ext\u00e9rieur Moderne et \u00c9cologique<\/h3>\n<p>Notre <b>lampe de jardin solaire carr\u00e9e de 5 watts<\/b> est la solution id\u00e9ale pour \u00e9clairer vos ext\u00e9rieurs de mani\u00e8re <b>\u00e9cologique et pratique<\/b>. Gr\u00e2ce \u00e0 son <b>panneau solaire int\u00e9gr\u00e9<\/b>, elle capture l&rsquo;\u00e9nergie du soleil le jour pour diffuser une <b>lumi\u00e8re douce et \u00e9conomique<\/b> la nuit.<\/p>\n<p>Avec son <b>design moderne<\/b> et sa <b>r\u00e9sistance aux intemp\u00e9ries<\/b>, cette lampe ne n\u00e9cessite <b>ni c\u00e2blage ni entretien<\/b>, et s&rsquo;installe facilement dans votre jardin, sur votre terrasse ou le long de vos all\u00e9es. C&rsquo;est une option <b>efficace, autonome et respectueuse de l&rsquo;environnement<\/b> pour illuminer vos espaces ext\u00e9rieurs.<\/p>\n<\/div>\n<\/div>\n<\/div>\n<\/div>\n<div class=\"mb-2 flex gap-3 empty:hidden -ml-2\">\n<div class=\"items-center justify-start rounded-xl p-1 flex\">\n<div class=\"flex items-center\">FICHE TECHNIQUE : <a href=\"https:\/\/aladdin-lampe.com\/wp-content\/uploads\/2024\/11\/LAMPE-JARDIN-ALAD-1116-5w.pdf\">LAMPE JARDIN ALAD -JHL- 1116-5w<\/a><\/div>\n<\/div>\n<\/div>\n","protected":false},"excerpt":{"rendered":"<p>Lampe Solaire Carr\u00e9e 5W : \u00c9clairage Ext\u00e9rieur Moderne et \u00c9cologique Notre lampe de jardin solaire carr\u00e9e de 5 watts est la solution id\u00e9ale pour \u00e9clairer vos ext\u00e9rieurs de mani\u00e8re \u00e9cologique et pratique. Gr\u00e2ce \u00e0 son panneau solaire int\u00e9gr\u00e9, elle capture l&rsquo;\u00e9nergie du soleil le jour pour diffuser [&hellip;]<\/p>\n","protected":false},"featured_media":8209,"comment_status":"open","ping_status":"closed","template":"","meta":{"_monsterinsights_skip_tracking":false,"_monsterinsights_sitenote_active":false,"_monsterinsights_sitenote_note":"","_monsterinsights_sitenote_category":0},"product_brand":[],"product_cat":[79,80,91],"product_tag":[],"class_list":{"0":"post-8189","1":"product","2":"type-product","3":"status-publish","4":"has-post-thumbnail","6":"product_cat-apparent","7":"product_cat-eclairage-exterieur","8":"product_cat-energie-solaire","10":"first","11":"instock","12":"shipping-taxable","13":"product-type-simple"},"aioseo_notices":[],"_links":{"self":[{"href":"https:\/\/aladdin-lampe.com\/production\/wp-json\/wp\/v2\/product\/8189","targetHints":{"allow":["GET"]}}],"collection":[{"href":"https:\/\/aladdin-lampe.com\/production\/wp-json\/wp\/v2\/product"}],"about":[{"href":"https:\/\/aladdin-lampe.com\/production\/wp-json\/wp\/v2\/types\/product"}],"replies":[{"embeddable":true,"href":"https:\/\/aladdin-lampe.com\/production\/wp-json\/wp\/v2\/comments?post=8189"}],"wp:featuredmedia":[{"embeddable":true,"href":"https:\/\/aladdin-lampe.com\/production\/wp-json\/wp\/v2\/media\/8209"}],"wp:attachment":[{"href":"https:\/\/aladdin-lampe.com\/production\/wp-json\/wp\/v2\/media?parent=8189"}],"wp:term":[{"taxonomy":"product_brand","embeddable":true,"href":"https:\/\/aladdin-lampe.com\/production\/wp-json\/wp\/v2\/product_brand?post=8189"},{"taxonomy":"product_cat","embeddable":true,"href":"https:\/\/aladdin-lampe.com\/production\/wp-json\/wp\/v2\/product_cat?post=8189"},{"taxonomy":"product_tag","embeddable":true,"href":"https:\/\/aladdin-lampe.com\/production\/wp-json\/wp\/v2\/product_tag?post=8189"}],"curies":[{"name":"wp","href":"https:\/\/api.w.org\/{rel}","templated":true}]}}