{"id":8232,"date":"2025-08-24T16:08:05","date_gmt":"2025-08-24T16:08:05","guid":{"rendered":"https:\/\/aladdin-lampe.com\/production\/?post_type=product&#038;p=8232"},"modified":"2025-08-24T16:08:06","modified_gmt":"2025-08-24T16:08:06","slug":"lumiere-de-grille-120w-%e6%a0%bc%e6%a0%85%e7%81%af","status":"publish","type":"product","link":"https:\/\/aladdin-lampe.com\/production\/product\/lumiere-de-grille-120w-%e6%a0%bc%e6%a0%85%e7%81%af\/","title":{"rendered":"lumiere de grille 120w \u683c\u6805\u706f"},"content":{"rendered":"<div class=\"flex-shrink-0 flex flex-col relative items-end\">\n<div>\n<div class=\"pt-0\">\n<div class=\"gizmo-bot-avatar flex h-8 w-8 items-center justify-center overflow-hidden rounded-full\">\n<div class=\"relative p-1 rounded-sm flex items-center justify-center bg-token-main-surface-primary text-token-text-primary h-8 w-8\"><\/div>\n<\/div>\n<\/div>\n<\/div>\n<\/div>\n<div class=\"group\/conversation-turn relative flex w-full min-w-0 flex-col agent-turn\">\n<div class=\"flex-col gap-1 md:gap-3\">\n<div class=\"flex max-w-full flex-col flex-grow\">\n<div class=\"min-h-8 text-message flex w-full flex-col items-end gap-2 whitespace-normal break-words text-start [.text-message+&amp;]:mt-5\" dir=\"auto\" data-message-author-role=\"assistant\" data-message-id=\"ad580be7-90bc-4b8c-a39f-315098874b5c\" data-message-model-slug=\"gpt-4o\">\n<div class=\"flex w-full flex-col gap-1 empty:hidden first:pt-[3px]\">\n<div class=\"markdown prose w-full break-words dark:prose-invert dark\">\n<p>La <strong>lumi\u00e8re de grille 120W<\/strong> est un luminaire performant con\u00e7u pour offrir un \u00e9clairage puissant et homog\u00e8ne. \u00c9quip\u00e9e de <strong>trois lampes<\/strong>, elle assure une diffusion optimale de la lumi\u00e8re, id\u00e9ale pour les espaces industriels, commerciaux ou grands environnements. Gr\u00e2ce \u00e0 sa conception robuste et son efficacit\u00e9 \u00e9nerg\u00e9tique, Disponible\u00a0en <strong>blanc et noir,<\/strong> elle garantit une longue dur\u00e9e de vie tout en r\u00e9duisant la consommation d\u2019\u00e9lectricit\u00e9.<\/p>\n<\/div>\n<\/div>\n<\/div>\n<\/div>\n<\/div>\n<\/div>\n<p>t\u00e9l\u00e9charger la fiche technique :<a href=\"https:\/\/aladdin-lampe.com\/wp-content\/uploads\/2023\/02\/Alad-16-120w-1.pdf\">Alad-16-120w<\/a><\/p>\n<p style=\"padding-left: 40px;\">\n","protected":false},"excerpt":{"rendered":"<p>La lumi\u00e8re de grille 120W est un luminaire performant con\u00e7u pour offrir un \u00e9clairage puissant et homog\u00e8ne. \u00c9quip\u00e9e de trois lampes, elle assure une diffusion optimale de la lumi\u00e8re, id\u00e9ale pour les espaces industriels, commerciaux ou grands environnements. Gr\u00e2ce \u00e0 sa conception robuste et son efficacit\u00e9 \u00e9nerg\u00e9tique, [&hellip;]<\/p>\n","protected":false},"featured_media":8030,"comment_status":"open","ping_status":"closed","template":"","meta":{"_monsterinsights_skip_tracking":false,"_monsterinsights_sitenote_active":false,"_monsterinsights_sitenote_note":"","_monsterinsights_sitenote_category":0},"product_brand":[],"product_cat":[78,81],"product_tag":[],"class_list":{"0":"post-8232","1":"product","2":"type-product","3":"status-publish","4":"has-post-thumbnail","6":"product_cat-eclairage-interieur","7":"product_cat-encastre","9":"first","10":"instock","11":"shipping-taxable","12":"product-type-simple"},"aioseo_notices":[],"_links":{"self":[{"href":"https:\/\/aladdin-lampe.com\/production\/wp-json\/wp\/v2\/product\/8232","targetHints":{"allow":["GET"]}}],"collection":[{"href":"https:\/\/aladdin-lampe.com\/production\/wp-json\/wp\/v2\/product"}],"about":[{"href":"https:\/\/aladdin-lampe.com\/production\/wp-json\/wp\/v2\/types\/product"}],"replies":[{"embeddable":true,"href":"https:\/\/aladdin-lampe.com\/production\/wp-json\/wp\/v2\/comments?post=8232"}],"wp:featuredmedia":[{"embeddable":true,"href":"https:\/\/aladdin-lampe.com\/production\/wp-json\/wp\/v2\/media\/8030"}],"wp:attachment":[{"href":"https:\/\/aladdin-lampe.com\/production\/wp-json\/wp\/v2\/media?parent=8232"}],"wp:term":[{"taxonomy":"product_brand","embeddable":true,"href":"https:\/\/aladdin-lampe.com\/production\/wp-json\/wp\/v2\/product_brand?post=8232"},{"taxonomy":"product_cat","embeddable":true,"href":"https:\/\/aladdin-lampe.com\/production\/wp-json\/wp\/v2\/product_cat?post=8232"},{"taxonomy":"product_tag","embeddable":true,"href":"https:\/\/aladdin-lampe.com\/production\/wp-json\/wp\/v2\/product_tag?post=8232"}],"curies":[{"name":"wp","href":"https:\/\/api.w.org\/{rel}","templated":true}]}}