{"id":8233,"date":"2025-08-24T16:08:05","date_gmt":"2025-08-24T16:08:05","guid":{"rendered":"https:\/\/aladdin-lampe.com\/production\/?post_type=product&#038;p=8233"},"modified":"2025-08-24T16:08:06","modified_gmt":"2025-08-24T16:08:06","slug":"projecteur-led-sur-rail-35-w-%e7%ae%a1%e9%81%93%e7%81%af","status":"publish","type":"product","link":"https:\/\/aladdin-lampe.com\/production\/product\/projecteur-led-sur-rail-35-w-%e7%ae%a1%e9%81%93%e7%81%af\/","title":{"rendered":"projecteur LED sur rail 35 w \u7ba1\u9053\u706f"},"content":{"rendered":"<p>R\u00e9f\u00e9rence :<\/p>\n<p>ALAD-44-35W<\/p>\n<p>Couleurs :<\/p>\n<p>noir et blanc<\/p>\n<p>t\u00e9l\u00e9charger la fiche technique : <a href=\"https:\/\/aladdin-lampe.com\/wp-content\/uploads\/2023\/02\/projecteur-alad-44C-35W.pdf\">projecteur alad-44C 35W<\/a><\/p>\n<p>&nbsp;<\/p>\n","protected":false},"excerpt":{"rendered":"<p>R\u00e9f\u00e9rence : ALAD-44-35W Couleurs : noir et blanc t\u00e9l\u00e9charger la fiche technique : projecteur alad-44C 35W &nbsp;<\/p>\n","protected":false},"featured_media":8032,"comment_status":"open","ping_status":"closed","template":"","meta":{"_monsterinsights_skip_tracking":false,"_monsterinsights_sitenote_active":false,"_monsterinsights_sitenote_note":"","_monsterinsights_sitenote_category":0},"product_brand":[],"product_cat":[78,90],"product_tag":[],"class_list":{"0":"post-8233","1":"product","2":"type-product","3":"status-publish","4":"has-post-thumbnail","6":"product_cat-eclairage-interieur","7":"product_cat-projecteur-eclairage-interieur-","9":"first","10":"instock","11":"shipping-taxable","12":"product-type-simple"},"aioseo_notices":[],"_links":{"self":[{"href":"https:\/\/aladdin-lampe.com\/production\/wp-json\/wp\/v2\/product\/8233","targetHints":{"allow":["GET"]}}],"collection":[{"href":"https:\/\/aladdin-lampe.com\/production\/wp-json\/wp\/v2\/product"}],"about":[{"href":"https:\/\/aladdin-lampe.com\/production\/wp-json\/wp\/v2\/types\/product"}],"replies":[{"embeddable":true,"href":"https:\/\/aladdin-lampe.com\/production\/wp-json\/wp\/v2\/comments?post=8233"}],"wp:featuredmedia":[{"embeddable":true,"href":"https:\/\/aladdin-lampe.com\/production\/wp-json\/wp\/v2\/media\/8032"}],"wp:attachment":[{"href":"https:\/\/aladdin-lampe.com\/production\/wp-json\/wp\/v2\/media?parent=8233"}],"wp:term":[{"taxonomy":"product_brand","embeddable":true,"href":"https:\/\/aladdin-lampe.com\/production\/wp-json\/wp\/v2\/product_brand?post=8233"},{"taxonomy":"product_cat","embeddable":true,"href":"https:\/\/aladdin-lampe.com\/production\/wp-json\/wp\/v2\/product_cat?post=8233"},{"taxonomy":"product_tag","embeddable":true,"href":"https:\/\/aladdin-lampe.com\/production\/wp-json\/wp\/v2\/product_tag?post=8233"}],"curies":[{"name":"wp","href":"https:\/\/api.w.org\/{rel}","templated":true}]}}