{"id":8272,"date":"2025-08-24T16:08:09","date_gmt":"2025-08-24T16:08:09","guid":{"rendered":"https:\/\/aladdin-lampe.com\/production\/?post_type=product&#038;p=8272"},"modified":"2025-08-24T16:08:11","modified_gmt":"2025-08-24T16:08:11","slug":"alad-223g-30-%e6%b0%b4%e6%99%b6%e5%90%8a%e7%81%af30%e5%a4%b4","status":"publish","type":"product","link":"https:\/\/aladdin-lampe.com\/production\/product\/alad-223g-30-%e6%b0%b4%e6%99%b6%e5%90%8a%e7%81%af30%e5%a4%b4\/","title":{"rendered":"Alad-223G-30 &#8211; \u6c34\u6676\u540a\u706f30\u5934"},"content":{"rendered":"<h2>Illuminez votre int\u00e9rieur avec l&rsquo;\u00e9l\u00e9gance intemporelle d&rsquo;un lustre en cristal.<\/h2>\n<p>Vous d\u00e9sirez apporter une touche de sophistication, de brillance et de grandeur \u00e0 votre espace de vie ? Notre lustre ALAD en cristal est la pi\u00e8ce ma\u00eetresse id\u00e9ale pour transformer votre int\u00e9rieur, qu&rsquo;il s&rsquo;agisse d&rsquo;un salon, d&rsquo;une salle \u00e0 manger ou d&rsquo;une entr\u00e9e. Il incarne le luxe et la finesse.<\/p>\n<p>telecharger la fiche technique : <a href=\"https:\/\/aladdin-lampe.com\/wp-content\/uploads\/2023\/02\/LUSTRE.pdf\">LUSTRE-JHL<\/a><\/p>\n<p>&nbsp;<\/p>\n","protected":false},"excerpt":{"rendered":"<p>Illuminez votre int\u00e9rieur avec l&rsquo;\u00e9l\u00e9gance intemporelle d&rsquo;un lustre en cristal. Vous d\u00e9sirez apporter une touche de sophistication, de brillance et de grandeur \u00e0 votre espace de vie ? Notre lustre ALAD en cristal est la pi\u00e8ce ma\u00eetresse id\u00e9ale pour transformer votre int\u00e9rieur, qu&rsquo;il s&rsquo;agisse d&rsquo;un salon, d&rsquo;une [&hellip;]<\/p>\n","protected":false},"featured_media":8117,"comment_status":"open","ping_status":"closed","template":"","meta":{"_monsterinsights_skip_tracking":false,"_monsterinsights_sitenote_active":false,"_monsterinsights_sitenote_note":"","_monsterinsights_sitenote_category":0},"product_brand":[],"product_cat":[78,97],"product_tag":[],"class_list":{"0":"post-8272","1":"product","2":"type-product","3":"status-publish","4":"has-post-thumbnail","6":"product_cat-eclairage-interieur","7":"product_cat-grand-lustre","9":"first","10":"instock","11":"shipping-taxable","12":"product-type-simple"},"aioseo_notices":[],"_links":{"self":[{"href":"https:\/\/aladdin-lampe.com\/production\/wp-json\/wp\/v2\/product\/8272","targetHints":{"allow":["GET"]}}],"collection":[{"href":"https:\/\/aladdin-lampe.com\/production\/wp-json\/wp\/v2\/product"}],"about":[{"href":"https:\/\/aladdin-lampe.com\/production\/wp-json\/wp\/v2\/types\/product"}],"replies":[{"embeddable":true,"href":"https:\/\/aladdin-lampe.com\/production\/wp-json\/wp\/v2\/comments?post=8272"}],"wp:featuredmedia":[{"embeddable":true,"href":"https:\/\/aladdin-lampe.com\/production\/wp-json\/wp\/v2\/media\/8117"}],"wp:attachment":[{"href":"https:\/\/aladdin-lampe.com\/production\/wp-json\/wp\/v2\/media?parent=8272"}],"wp:term":[{"taxonomy":"product_brand","embeddable":true,"href":"https:\/\/aladdin-lampe.com\/production\/wp-json\/wp\/v2\/product_brand?post=8272"},{"taxonomy":"product_cat","embeddable":true,"href":"https:\/\/aladdin-lampe.com\/production\/wp-json\/wp\/v2\/product_cat?post=8272"},{"taxonomy":"product_tag","embeddable":true,"href":"https:\/\/aladdin-lampe.com\/production\/wp-json\/wp\/v2\/product_tag?post=8272"}],"curies":[{"name":"wp","href":"https:\/\/api.w.org\/{rel}","templated":true}]}}